{"id":518,"date":"2022-06-29T16:27:25","date_gmt":"2022-06-29T16:27:25","guid":{"rendered":"https:\/\/javierarcenillas.com\/?page_id=518"},"modified":"2022-06-30T12:06:15","modified_gmt":"2022-06-30T12:06:15","slug":"bio","status":"publish","type":"page","link":"https:\/\/javierarcenillas.com\/index.php\/bio\/","title":{"rendered":"BIO"},"content":{"rendered":"<p style=\"font-size:24px\"><strong>STATEMENT<\/strong><\/p>\n<p>Photographer and Editor, he has a degree in Developmental Psychology from the Complutense University. He studied Cinema at the Madrid Film School, graduating in Cinematography and Directing. And photography with Fernando Herr\u00e1ez and Manuel Sonseca in the old photography schools of Alcobendas.<\/p>\n<p>He has been working professionally in photography since 1994, collaborating at the beginning for the newspaper Marca and local newspapers and gazettes. He was part of the staff in the second period of Diario 16 and was a member of the now defunct agency COVER. He has collaborated periodically with El Pa\u00eds, El Mundo, La Voz de Galicia and Diario de Le\u00f3n, as well as with magazines such as Telva, Cosmopolitan, Ser Padres or Paisajes desde el Tren among others in Spain and Time, Sunday Times, El Peri\u00f3dico de Guatemala, Gatopardo, CNN or L&#8217;expresso among the international ones.<\/p>\n<p>Since 1994 he has worked as a photographer for Alcobendas Town Council.<\/p>\n<p class=\"has-medium-font-size\"><strong>PUBLICATIONS (Selection)<\/strong><\/p>\n<p>Time, Spiegel, Stern, Lens, El Periodico de Guatemala, New York Times, Sunday Times, Soy502, El Pais, GEO, National Geographic, El Mundo, Libero, Planeta Futuro, El Confidencial, Internationale, ViceNews, Miami Herald, Le Monde, Zazpika, Man on the Moon, Esquire, FronteraD, Tinta Libre, Gatopardo, La Tercera, XL Semanal, Altair, 5W, Viento Sur, TRIP Magazine, El Global, GQ, L\u00b4Expresso, El Viajero, IL Magazine.<\/p>\n<p class=\"has-medium-font-size\"><strong>PORTFOLIOS (Selection)<\/strong><\/p>\n<p>American Photography 201, Revista Fotograf\u00edas, Fotofrance 110, Amateur Photography, Diorama 155, S\u00faperfoto, Revista Foto, FV 140. Aqu\u00ed Imagen 39, Hasselblad Forum, ArteFotogr\u00e1fico 574 y 670 Revista FOTO 250 y 283, El Desafio de Alcobendas, Ed, Ayto Alcobendas. Amnistia Internacinal, Photography Mercadillo, Lens Culture, Metal, Bjp, Albedo Media. CAPTION Magazine.<\/p>\n<p class=\"has-medium-font-size\"><strong>AWARDS<\/strong><\/p>\n<p>The Eugene Smith Fellowship, POYI and POYI Latam Awards, the Getty Images Grant, Arts Press Award, KODAK Young Photographer, European Social Fund Grant, Photographer of the year in Moscow Photo Award, UNICEF Award, Fujifilm EuroPress, Lorenzo Natali Journalism Award, Sony Awards, Gomma Grant, Atlanta Photojournalism, Lucas Dolega and World Press Photo.<\/p>\n<p>National awards include the Fotopress, Luis Ksado, INJUVE, ASISA, Luis Valtue\u00f1a de M\u00e9dicos del Mundo, Fotonoviembre, Premio \u00c1vila de Periodismo, Premio Mingote de ABC or the first professional scholarship of the Seminario de Albarrac\u00edn.<\/p>\n<p class=\"has-medium-font-size\"><strong>TEACHING AND METHODOLOGY<\/strong><\/p>\n<p>He started as a teacher at the Photoescuela COVER Agency, which he directed from 2004 until 2008, when the agency closed. There he worked on the fundamentals of teaching photography through the author&#8217;s reportage, implementing the personal vision and the relative concept in documentary projects, creating an editing workshop that allowed the narratives to be separated into Temporary, Synchronic and Sensitive. He is currently a lecturer in Contemporary Landscape, Architecture and Documentary<\/p>\n<p>He teaches a personal training method based on the New Documentary based on a photographic narrative based on direct visual language and Sensitive or Mirror Editing.&nbsp;His photography belongs to the current of Emotional Documentary where he explores the Psycho-Sociology of the environment in the chaos of behaviour. His projects study violence, ideology, oblivion or longing in two ways<\/p>\n<p>-Social Documentary Essays ( Sicarios, Latidoamerica, Weapon Social Club, Sleepers, CityHope, Citizens of despair etc) which allow to connect and study different human realities such as violence, human rights and marginalisation or exclusion.<\/p>\n<p>-Narrative Documentary Essays ( Ufopresencias, Transylvania, Akelarre, Christoland, SevaN, EdeN etc) that explore the beliefs, tales and legends that we imagine and develop in an unreal or develop in an unreal or fictitious way in order to understand ourselves. They are the poles of human understanding, the one that positions us in a present reality or the one we imagine. Truth or Lies, Black and White or Colour, Up or Down, Too Much or Too Little, Yin or Yang.<\/p>\n<p>There will always be two points of view that will delimit the confrontation of the balance of order and chaos.<\/p>\n<p class=\"has-medium-font-size\"><strong>FEATURED PROJECTS<\/strong><\/p>\n<p><strong>CITY HOPE, 2007&nbsp;<\/strong><\/p>\n<p>Completes this trial and publishes it with doctors around the world. the world. I need to move away from the classicism of photojournalism and work under the umbrella of another kind of photography. I use the portrait and a technical camera to be able to show the idea of the characters above the fact, inspired by the work of Claudio Edinger.<\/p>\n<p><strong>TRANSILVANIA 2009<\/strong><\/p>\n<p>Here he realised how fun it was to tell something that did not exist through to tell something that didn&#8217;t exist through places and people. The search for vampires in Romania. What it was, travel photography, documentary, photojournalism?????<\/p>\n<p><strong>CITIZENS OF DESPAIR 2009<\/strong><\/p>\n<p>This documentary essay was made together with Cristina de Middel with whom I travelled from India to Myanmar doing different works. Under the auspices of MSF they portrayed one of the largest refugee camps in the world belonging to the Rohingyas. From two points of view, one touristic and the other social, they published the book Welcome. The photographs were intended to follow the aesthetics of City Hope, using an aggressive blur and focusing on the refugees and moving away from the codes of classicism.<\/p>\n<p><strong>LATIDOAMERICA AND EMOTIONAL DOCUMENTARY FILMMAKING<\/strong><\/p>\n<p>Emotional documentary filmmaking, an essay that encompasses the tetralogy on violence in Latin America Sicarios, RedNote, Gangborder and Narcoturismo. (The inspiration for these works always came from Don McCullin and his book Sleeping with Ghosts)&nbsp;<\/p>\n<p>The concept of Latidoamerica was for the images to capture the pain and the moment when everything fragments and breaks around the people photographed; to portray the concept of fragility and helplessness. In 2015 he said &#8220;Many photographers after photographing death forget about it, they move on from one job to the next without flinching, but I find it hard. When I finished after 10 years I had to work on other things&#8221;.<\/p>\n<p><strong>SICARIOS 2010\/2011&nbsp;<\/strong><\/p>\n<p>He went to work in Guatemala thanks to two good friends, Jesus Alfonso and Mois\u00e9s Castillo, and found himself with a project he couldn&#8217;t leave. Sicarios were wreaking havoc, criminals who killed for money. He met several assassins, journalists and anonymous people who told him facts and information about the different ways they acted, he started documenting their terrible actions to later meet several of them. Thanks to a fixer I was able to follow some of them for months, few photos, a lot of waiting&#8230; most of the work was resources, dead, police, places, very little material of them alone but what little there was was very good. Years later the colleagues at El Peri\u00f3dico would send him the news of the deaths of every sicario he met.<\/p>\n<p><strong>REDNOTE 2012\/2016&nbsp;<\/strong><\/p>\n<p>He moved to Honduras to live in the house of the journalist Alberto Arce, which in those years was the most violent country in the world, working mainly in Tegucigalpa and San Pedro Sula. He worked on the idea of a country that lived with the psychosis of violence in the streets permanently. Until today his best work without a doubt and thanks to the help of journalists working in the area like Orlyn Castro who offered me their contacts and logistics.<\/p>\n<p><strong>GANGBORDER 2014\/2018&nbsp;<\/strong><\/p>\n<p>I gradually moved to El Salvador to document the same violence that existed in Guatemala and Honduras, but there the main germ was the gangs. There I met many people with different ways of approaching the idea of gangs, working with his colleague Alberto Garcia Palomo and the journalist Salvador Sagastizado. With that he ended his work surprised that many do not see gang members who have killed and used violence or drug trafficking and intimidation as a problem.<\/p>\n<p><strong>CHRISTOLAND 2017&nbsp;<\/strong><\/p>\n<p>Now getting into more curious topics, he publishes with RM publishing houseUfopresences, continuing with the idea of narrative essays that play with theplay with the imaginary. He had previously produced a short essay on the AKELARRES (2016) in Spain, which convinced him to go to the Holy Land to discover the footsteps of Christ. The work contemplates the places of Christian culture that many of us have heard of, studied or believed in. Unique territories that give off a different energy.<\/p>\n<p><strong>SEVAN 2018&nbsp;<\/strong><\/p>\n<p>It continues along the path opened in Christoland and is a story that breathes of the tales that breathes from the tales of Armenian Christianity, shaped as diptychs that explore a territory diptychs exploring a magical territory.<\/p>\n<p><strong>EDEN 2017\/2022<\/strong><\/p>\n<p>A project in progress. I wanted to make a story narrated as a black and white adventure film. Diptychs, triptychs and polyptychs that play an illusion, through the exploration of the rites of the Amazon as if it were a sensory journey.<\/p>\n<p><strong>MUTANTES 2015 \/20\u2026\u2026<\/strong><\/p>\n<p>The welfare society at the social frontier of the urban periphery within dormitory towns. The ongoing mutant project portrays the sociological pattern of individual behaviour of people in times of social networks from the new generation of young people who inherit them to retired people who have no dependence on them in a complacent urban environment suited to their needs. Under aesthetics and fashions, today&#8217;s society is immersed in a profound chaos, within the periphery of many cities, people live in a parallel universe as if it were an invisible frontier. People have been transformed into a contemplative and superfluous life of cheap commerce and accelerated consumerism, their way of life has been transformed into an unreal appearance.<\/p>\n<p><strong>LA GUARE\u00d1A 2022<\/strong><\/p>\n<p>The story of a unique region where time is beginning to erode its identity. In a harsh region where it hardly rains and where the population is getting older and older, the culture of the bull and the land is heading for oblivion with no way back. With a self-economy based on agriculture and with no prospects of change, Guare\u00f1a offers a portrait of a hollowed-out Spain that is being lost.<\/p>\n<p style=\"font-size:17px\">\u2022&nbsp;<strong>WORKS IN PUBLIC COLLECTIONS (Selection)<\/strong><\/p>\n<p>\u201cG\u00e9neros y Tendencias\u201d. Alcobendas. Universidad de Salamanca. U.A.M. The Charco Gallery, Ayto. San Sebasti\u00e1n de los Reyes, Ayto. de Valdemoro, Ministerio de Agricultura, Museo del Ej\u00e9rcito, Fundaci\u00f3n Ferrandiz, Tr\u00e1nsito en Toledo, Deutsche Bank Fundation, London Photography Asoc, Diputaci\u00f3n de Bizcaia, AFGU, CajaBurgos, Visa Pour l\u00b4image, Ayto de Barcelona, Ayto de Madrid, Ayto de Zafra, Fundaci\u00f3 La Caixa, Fundation Getty, Ayto de Cambrils, Asociaci\u00f3 Sarthou Carreres, Instituto de la Juventud, Real Sociedad Fotogr\u00e1fica, Diputaci\u00f3n de Zamora, Cajamadrid, Caja de Burgos, Caja Espa\u00f1a, UNION LATINA, CAM, Diputacion de Albacete, Ayuntamiento de Par\u00eds, Colecciones privadas e independientes.<\/p>\n<p class=\"has-medium-font-size\"><strong>PHOTOBOOKS<\/strong><\/p>\n<p class=\"has-medium-font-size\">\u2022&nbsp;<strong>EDITOR&nbsp;<\/strong>(Publications)<\/p>\n<ul>\n<li><strong>HOJA DE CONTACTOS,&nbsp;<\/strong>Edita. PICA\/PHE Fotolibro \u2022 2022<\/li>\n<li><strong>IBERICA,&nbsp;<\/strong>Edita. PICA\/PHE Fotolibro \u2022 2021<\/li>\n<li><strong>AUTOPORTRAITS,<\/strong>&nbsp;Edita. PICA\/PHE Fotolibro \u2022 2021<\/li>\n<li><strong>COLOR,<\/strong>&nbsp;Edita. PICA\/PHE Fotolibro \u2022 2019<\/li>\n<li><strong>Paisaje Contemporaneo<\/strong>&nbsp;Edita. PICA\/PHE Noche \u2022 2019<\/li>\n<li><strong>Paisaje Contemporaneo<\/strong>&nbsp;Edita. PICA\/PHE Gardens &amp; Parks \u2022 2018<\/li>\n<li><strong>BAR,<\/strong>&nbsp;Edita. PICA\/PHE Fotolibro \u2022 2018<\/li>\n<li><strong>LINE,<\/strong>&nbsp;Edita. PICA\/PHE Fotolibro Barrios \u2022 2017<\/li>\n<li><strong>Paisaje Contemporaneo,<\/strong>&nbsp;Edita.PICA\/PHE Fotolibro INDUSTRIAL \u2022 2017<\/li>\n<li><strong>LINE,<\/strong>&nbsp;Edita. PICA\/PHE Fotolibro RIOproject \u2022 2016<\/li>\n<li><strong>LINE Magazine,<\/strong>&nbsp;Edita. PICA\/PHE Numeros 1,2,3 y 4 \u2022 2015<\/li>\n<\/ul>\n<p class=\"has-medium-font-size\">\u2022&nbsp;<strong>AUTHOR&#8217;S BOOKS<\/strong><\/p>\n<ul>\n<li><strong>UFOPRESENCES \u2022 2017&nbsp;<\/strong> Editorial RM&nbsp;\u2022 ISBN:&nbsp;<a href=\"https:\/\/www.iberlibro.com\/products\/isbn\/9788417047283?cm_sp=bdp-_-ISBN13-_-PLP\">9788417047283<\/a><\/li>\n<li><strong>PHOTOBOLSILLO 2016 \u2022<\/strong> Edita. La Fabrica&nbsp;ISBN:&nbsp;<a href=\"https:\/\/www.iberlibro.com\/products\/isbn\/9788416248452?cm_sp=bdp-_-ISBN13-_-PLP\">9788416248452<\/a><\/li>\n<li><strong>AKELARRE \u2022&nbsp;<\/strong>Self-published<\/li>\n<li><strong>SICARIOS<\/strong>&nbsp;<strong>\u2022 2012&nbsp;<\/strong>Editorial Fotoevidence USA \u2022 ISBN: \u200e978-0983491316<\/li>\n<li><strong>WELCOME<\/strong>&nbsp;<strong>\u2022 2011&nbsp;<\/strong>Edita \u2022 Ayto de Alcobendas&nbsp;ISBN:&nbsp;<a href=\"https:\/\/www.iberlibro.com\/products\/isbn\/9788416248452?cm_sp=bdp-_-ISBN10-_-PLP\">9788461411757<\/a><\/li>\n<li><strong>CITY HOPE \u2022 2008&nbsp;<\/strong>Edita \u2022 MALAVRAVA ISBN: 978-84-612-1246-0<\/li>\n<li><strong>REVOLUZION<\/strong>&nbsp;<strong>\u2022 2007&nbsp;<\/strong>Edita. Ayto de Alcoy Alcoimage.<\/li>\n<li><strong>ESCUELA DE GLADIADORES \u2022 2007&nbsp;<\/strong>Publicaci\u00f3n BlankPaper<\/li>\n<li><strong>CALCUTA<\/strong>&nbsp;<strong>\u2022 2006&nbsp;<\/strong>Edita Calcuta Ondoan. ISBN: 9788496536920<\/li>\n<li><strong>TR\u00c1FICO DE MARIHUANA \u2022 2005&nbsp;<\/strong>Self-published<\/li>\n<\/ul>\n<p class=\"has-medium-font-size\">\u2022&nbsp;<strong>LINKS ABOUT ME AND MY WORK<\/strong><\/p>\n<figure class=\"wp-block-embed is-type-video is-provider-vimeo wp-block-embed-vimeo wp-embed-aspect-4-3 wp-has-aspect-ratio\">\n<div class=\"wp-block-embed__wrapper\">\n<iframe loading=\"lazy\" title=\"f\/22. Ciclo 2015. Javier Arcenillas: Sicarios\" src=\"https:\/\/player.vimeo.com\/video\/164738069?h=f82c32a62c&amp;dnt=1&amp;app_id=122963\" width=\"500\" height=\"375\" frameborder=\"0\" allow=\"autoplay; fullscreen; picture-in-picture\" allowfullscreen><\/iframe>\n<\/div>\n<\/figure>\n<figure class=\"wp-block-embed is-type-video is-provider-vimeo wp-block-embed-vimeo wp-embed-aspect-4-3 wp-has-aspect-ratio\">\n<div class=\"wp-block-embed__wrapper\">\n<iframe loading=\"lazy\" title=\"Javier Arcenillas - Sicarios: Latin American Assassins\" src=\"https:\/\/player.vimeo.com\/video\/32858717?h=0dc7fe4b93&amp;dnt=1&amp;app_id=122963\" width=\"500\" height=\"375\" frameborder=\"0\" allow=\"autoplay; fullscreen; picture-in-picture\" allowfullscreen><\/iframe>\n<\/div>\n<\/figure>\n<figure class=\"wp-block-embed is-type-video is-provider-vimeo wp-block-embed-vimeo wp-embed-aspect-16-9 wp-has-aspect-ratio\">\n<div class=\"wp-block-embed__wrapper\">\n<iframe loading=\"lazy\" title=\"rednote\" src=\"https:\/\/player.vimeo.com\/video\/93110299?h=f03d312e81&amp;dnt=1&amp;app_id=122963\" width=\"500\" height=\"281\" frameborder=\"0\" allow=\"autoplay; fullscreen; picture-in-picture\" allowfullscreen><\/iframe>\n<\/div>\n<\/figure>\n<figure class=\"wp-block-embed is-type-wp-embed is-provider-fotografo-digital-y-tutoriales-photoshop wp-block-embed-fotografo-digital-y-tutoriales-photoshop\">\n<div class=\"wp-block-embed__wrapper\">\n<blockquote class=\"wp-embedded-content\" data-secret=\"pdBFii8Qg4\"><p><a href=\"https:\/\/fotografodigital.com\/libros-de-fotografia_\/el-reporterismo-emocional-de-javier-arcenillas-en-photobolsillo\/\">El documentalismo emocional de Javier Arcenillas en Photobolsillo<\/a><\/p><\/blockquote>\n<p><iframe class=\"wp-embedded-content\" sandbox=\"allow-scripts\" security=\"restricted\" style=\"position: absolute; clip: rect(1px, 1px, 1px, 1px);\" title=\"\u00abEl documentalismo emocional de Javier Arcenillas en Photobolsillo\u00bb \u2014 Fotografo digital y tutoriales Photoshop\" src=\"https:\/\/fotografodigital.com\/libros-de-fotografia_\/el-reporterismo-emocional-de-javier-arcenillas-en-photobolsillo\/embed\/#?secret=7XUZxfXHay#?secret=pdBFii8Qg4\" data-secret=\"pdBFii8Qg4\" width=\"500\" height=\"282\" frameborder=\"0\" marginwidth=\"0\" marginheight=\"0\" scrolling=\"no\"><\/iframe>\n<\/div>\n<\/figure>\n<figure class=\"wp-block-embed is-type-video is-provider-youtube wp-block-embed-youtube wp-embed-aspect-16-9 wp-has-aspect-ratio\">\n<div class=\"wp-block-embed__wrapper\">\n<iframe loading=\"lazy\" title=\"Documentalismo Emocional | Javier Arcenillas | TEDxLaMoraleja\" width=\"500\" height=\"281\" src=\"https:\/\/www.youtube.com\/embed\/_ijSBoWpnRk?feature=oembed\" frameborder=\"0\" allow=\"accelerometer; autoplay; clipboard-write; encrypted-media; gyroscope; picture-in-picture\" allowfullscreen><\/iframe>\n<\/div>\n<\/figure>\n<figure class=\"wp-block-embed is-type-video is-provider-youtube wp-block-embed-youtube wp-embed-aspect-16-9 wp-has-aspect-ratio\">\n<div class=\"wp-block-embed__wrapper\">\n<iframe loading=\"lazy\" title=\"Encuentro con el fot\u00f3grafo Javier Arcenillas\" width=\"500\" height=\"281\" src=\"https:\/\/www.youtube.com\/embed\/DpnV6bTEDGM?feature=oembed\" frameborder=\"0\" allow=\"accelerometer; autoplay; clipboard-write; encrypted-media; gyroscope; picture-in-picture\" allowfullscreen><\/iframe>\n<\/div>\n<\/figure>\n<figure class=\"wp-block-embed is-type-video is-provider-youtube wp-block-embed-youtube wp-embed-aspect-16-9 wp-has-aspect-ratio\">\n<div class=\"wp-block-embed__wrapper\">\n<iframe loading=\"lazy\" title=\"INFOTOGRAFOS X JAVIER ARCENILLAS\" width=\"500\" height=\"281\" src=\"https:\/\/www.youtube.com\/embed\/qB7zPtv0AdQ?feature=oembed\" frameborder=\"0\" allow=\"accelerometer; autoplay; clipboard-write; encrypted-media; gyroscope; picture-in-picture\" allowfullscreen><\/iframe>\n<\/div>\n<\/figure>\n<figure class=\"wp-block-embed is-type-video is-provider-youtube wp-block-embed-youtube wp-embed-aspect-16-9 wp-has-aspect-ratio\">\n<div class=\"wp-block-embed__wrapper\">\n<iframe loading=\"lazy\" title=\"Javier Arcenillas en el Festival ojosrojos 2020 en Xabia\" width=\"500\" height=\"281\" src=\"https:\/\/www.youtube.com\/embed\/hMre4bT6ALw?feature=oembed\" frameborder=\"0\" allow=\"accelerometer; autoplay; clipboard-write; encrypted-media; gyroscope; picture-in-picture\" allowfullscreen><\/iframe>\n<\/div>\n<\/figure>\n<figure class=\"wp-block-embed is-type-video is-provider-youtube wp-block-embed-youtube wp-embed-aspect-16-9 wp-has-aspect-ratio\">\n<div class=\"wp-block-embed__wrapper\">\n<iframe loading=\"lazy\" title=\"Javier Arcenillas. City Hope. La quebrada del Guaraquich\u00e9. Centro cultural La Asunci\u00f3n.\" width=\"500\" height=\"281\" src=\"https:\/\/www.youtube.com\/embed\/flseDUeKb2Y?feature=oembed\" frameborder=\"0\" allow=\"accelerometer; autoplay; clipboard-write; encrypted-media; gyroscope; picture-in-picture\" allowfullscreen><\/iframe>\n<\/div>\n<\/figure>\n<figure class=\"wp-block-embed is-type-video is-provider-vimeo wp-block-embed-vimeo wp-embed-aspect-4-3 wp-has-aspect-ratio\">\n<div class=\"wp-block-embed__wrapper\">\n<iframe loading=\"lazy\" title=\"f\/22. Ciclo 2015. Javier Arcenillas: Sicarios\" src=\"https:\/\/player.vimeo.com\/video\/164738069?h=f82c32a62c&amp;dnt=1&amp;app_id=122963\" width=\"500\" height=\"375\" frameborder=\"0\" allow=\"autoplay; fullscreen; picture-in-picture\" allowfullscreen><\/iframe>\n<\/div>\n<\/figure>\n<p><a href=\"https:\/\/www.mistos.es\/javier-arcenillas-entrevista\/\">https:\/\/www.mistos.es\/javier-arcenillas-entrevista\/<\/a><\/p>\n<p><a href=\"https:\/\/www.all-about-photo.com\/photographers\/photographer\/1035\/javier-arcenillas\">https:\/\/www.all-about-photo.com\/photographers\/photographer\/1035\/javier-arcenillas<\/a><\/p>\n<p><a href=\"https:\/\/www.madridnorte24horas.com\/madrid-norte-en-la-onda\/el-fotografo-de-alcobendas-javier-arcenillas-candidato-a-world-press-photo\/\">https:\/\/www.madridnorte24horas.com\/madrid-norte-en-la-onda\/el-fotografo-de-alcobendas-javier-arcenillas-candidato-a-world-press-photo\/<\/a>&nbsp;<a href=\"https:\/\/www.youtube.com\/watch?v=MKKh1Dc3xBY\">https:\/\/www.youtube.com\/watch?v=MKKh1Dc3xBY<\/a><\/p>\n<p><a href=\"https:\/\/www.rtve.es\/play\/videos\/tips\/tips-fotografia-javier-arcenillas\/3814115\/\">https:\/\/www.rtve.es\/play\/videos\/tips\/tips-fotografia-javier-arcenillas\/3814115\/<\/a><\/p>\n","protected":false},"excerpt":{"rendered":"<p>STATEMENT Photographer and Editor, he has a degree in Developmental Psychology from the Complutense University. He studied Cinema at the Madrid Film School, graduating in Cinematography and Directing. And photography with Fernando Herr\u00e1ez and Manuel Sonseca in the old photography schools of Alcobendas. He has been working professionally in photography since 1994, collaborating at the [&hellip;]<\/p>\n","protected":false},"author":1,"featured_media":0,"parent":0,"menu_order":0,"comment_status":"closed","ping_status":"closed","template":"","meta":{"om_disable_all_campaigns":false,"_monsterinsights_skip_tracking":false,"_monsterinsights_sitenote_active":false,"_monsterinsights_sitenote_note":"","_monsterinsights_sitenote_category":0},"_links":{"self":[{"href":"https:\/\/javierarcenillas.com\/index.php\/wp-json\/wp\/v2\/pages\/518"}],"collection":[{"href":"https:\/\/javierarcenillas.com\/index.php\/wp-json\/wp\/v2\/pages"}],"about":[{"href":"https:\/\/javierarcenillas.com\/index.php\/wp-json\/wp\/v2\/types\/page"}],"author":[{"embeddable":true,"href":"https:\/\/javierarcenillas.com\/index.php\/wp-json\/wp\/v2\/users\/1"}],"replies":[{"embeddable":true,"href":"https:\/\/javierarcenillas.com\/index.php\/wp-json\/wp\/v2\/comments?post=518"}],"version-history":[{"count":17,"href":"https:\/\/javierarcenillas.com\/index.php\/wp-json\/wp\/v2\/pages\/518\/revisions"}],"predecessor-version":[{"id":1972,"href":"https:\/\/javierarcenillas.com\/index.php\/wp-json\/wp\/v2\/pages\/518\/revisions\/1972"}],"wp:attachment":[{"href":"https:\/\/javierarcenillas.com\/index.php\/wp-json\/wp\/v2\/media?parent=518"}],"curies":[{"name":"wp","href":"https:\/\/api.w.org\/{rel}","templated":true}]}}